{"id":1137,"date":"2022-11-18T13:42:04","date_gmt":"2022-11-18T12:42:04","guid":{"rendered":"https:\/\/recursos.bcleverpro.com\/?page_id=1137"},"modified":"2022-11-18T15:40:22","modified_gmt":"2022-11-18T14:40:22","slug":"3-4-id","status":"publish","type":"page","link":"https:\/\/recursos.bcleverpro.com\/?page_id=1137","title":{"rendered":"3.4 ID"},"content":{"rendered":"\t\t<div data-elementor-type=\"wp-page\" data-elementor-id=\"1137\" class=\"elementor elementor-1137\">\n\t\t\t\t\t\t\t\t\t<section class=\"elementor-section elementor-top-section elementor-element elementor-element-b1ceaed elementor-section-boxed elementor-section-height-default elementor-section-height-default wpr-particle-no wpr-jarallax-no wpr-parallax-no wpr-sticky-section-no\" data-id=\"b1ceaed\" data-element_type=\"section\">\n\t\t\t\t\t\t<div class=\"elementor-container elementor-column-gap-default\">\n\t\t\t\t\t<div class=\"elementor-column elementor-col-50 elementor-top-column elementor-element elementor-element-bab2ad1\" data-id=\"bab2ad1\" data-element_type=\"column\">\n\t\t\t<div class=\"elementor-widget-wrap elementor-element-populated\">\n\t\t\t\t\t\t\t\t<div class=\"elementor-element elementor-element-b77fb57 elementor-widget elementor-widget-text-editor\" data-id=\"b77fb57\" data-element_type=\"widget\" data-widget_type=\"text-editor.default\">\n\t\t\t\t<div class=\"elementor-widget-container\">\n\t\t\t<style>\/*! elementor - v3.6.8 - 27-07-2022 *\/\n.elementor-widget-text-editor.elementor-drop-cap-view-stacked .elementor-drop-cap{background-color:#818a91;color:#fff}.elementor-widget-text-editor.elementor-drop-cap-view-framed .elementor-drop-cap{color:#818a91;border:3px solid;background-color:transparent}.elementor-widget-text-editor:not(.elementor-drop-cap-view-default) .elementor-drop-cap{margin-top:8px}.elementor-widget-text-editor:not(.elementor-drop-cap-view-default) .elementor-drop-cap-letter{width:1em;height:1em}.elementor-widget-text-editor .elementor-drop-cap{float:left;text-align:center;line-height:1;font-size:50px}.elementor-widget-text-editor .elementor-drop-cap-letter{display:inline-block}<\/style>\t\t\t\t<p>Se refiere al n\u00famero de localizador\/folio asignado al evento.\u00a0Al dar click, nos permite ver todos los detalles del local (previamente a\u00f1adido).<\/p><p>Los datos m\u00e1s importantes son:<\/p><ul><li>Nombre.<\/li><li>Compa\u00f1\u00eda.<\/li><li>Descripci\u00f3n.<\/li><li>Direcci\u00f3n, Provincia, Ciudad.<\/li><li>Peso.<\/li><li>Imagen.<\/li><\/ul>\t\t\t\t\t\t<\/div>\n\t\t\t\t<\/div>\n\t\t\t\t\t<\/div>\n\t\t<\/div>\n\t\t\t\t<div class=\"elementor-column elementor-col-50 elementor-top-column elementor-element elementor-element-4da1f7e\" data-id=\"4da1f7e\" data-element_type=\"column\">\n\t\t\t<div class=\"elementor-widget-wrap elementor-element-populated\">\n\t\t\t\t\t\t\t\t<div class=\"elementor-element elementor-element-65fd5e8 elementor-widget elementor-widget-image\" data-id=\"65fd5e8\" data-element_type=\"widget\" data-widget_type=\"image.default\">\n\t\t\t\t<div class=\"elementor-widget-container\">\n\t\t\t<style>\/*! elementor - v3.6.8 - 27-07-2022 *\/\n.elementor-widget-image{text-align:center}.elementor-widget-image a{display:inline-block}.elementor-widget-image a img[src$=\".svg\"]{width:48px}.elementor-widget-image img{vertical-align:middle;display:inline-block}<\/style>\t\t\t\t\t\t\t\t\t\t\t\t<img width=\"457\" height=\"838\" src=\"https:\/\/recursos.bcleverpro.com\/wp-content\/uploads\/2022\/11\/local-detalles.jpg\" class=\"attachment-large size-large\" alt=\"\" loading=\"lazy\" srcset=\"https:\/\/recursos.bcleverpro.com\/wp-content\/uploads\/2022\/11\/local-detalles.jpg 457w, https:\/\/recursos.bcleverpro.com\/wp-content\/uploads\/2022\/11\/local-detalles-164x300.jpg 164w, https:\/\/recursos.bcleverpro.com\/wp-content\/uploads\/2022\/11\/local-detalles-417x765.jpg 417w\" sizes=\"(max-width: 457px) 100vw, 457px\" \/>\t\t\t\t\t\t\t\t\t\t\t\t\t\t\t<\/div>\n\t\t\t\t<\/div>\n\t\t\t\t\t<\/div>\n\t\t<\/div>\n\t\t\t\t\t\t\t<\/div>\n\t\t<\/section>\n\t\t\t\t<section class=\"elementor-section elementor-top-section elementor-element elementor-element-ca0f215 elementor-section-boxed elementor-section-height-default elementor-section-height-default wpr-particle-no wpr-jarallax-no wpr-parallax-no wpr-sticky-section-no\" data-id=\"ca0f215\" data-element_type=\"section\">\n\t\t\t\t\t\t<div class=\"elementor-container elementor-column-gap-default\">\n\t\t\t\t\t<div class=\"elementor-column elementor-col-100 elementor-top-column elementor-element elementor-element-308d62e\" data-id=\"308d62e\" data-element_type=\"column\">\n\t\t\t<div class=\"elementor-widget-wrap elementor-element-populated\">\n\t\t\t\t\t\t\t\t<div class=\"elementor-element elementor-element-466f67b elementor-widget elementor-widget-text-editor\" data-id=\"466f67b\" data-element_type=\"widget\" data-widget_type=\"text-editor.default\">\n\t\t\t\t<div class=\"elementor-widget-container\">\n\t\t\t\t\t\t\t<p>Adem\u00e1s esta secci\u00f3n te permite:<\/p><ul><li>Editar el Local: Este bot\u00f3n te remite a\u00a0<em>A\u00f1adir Evento<\/em>\u00a0y permite modificar o agregar datos al local.<\/li><li>Eliminar el Local: Borra totalmente el local.<\/li><li>Gestionar: Est\u00e9 bot\u00f3n remite a todas las opciones relacionadas a a la operaci\u00f3n del local como por ejemplo: TPV, Cat\u00e1logos, Zonas y dem\u00e1s.<\/li><\/ul>\t\t\t\t\t\t<\/div>\n\t\t\t\t<\/div>\n\t\t\t\t\t<\/div>\n\t\t<\/div>\n\t\t\t\t\t\t\t<\/div>\n\t\t<\/section>\n\t\t\t\t<section class=\"elementor-section elementor-top-section elementor-element elementor-element-8129b21 elementor-section-boxed elementor-section-height-default elementor-section-height-default wpr-particle-no wpr-jarallax-no wpr-parallax-no wpr-sticky-section-no\" data-id=\"8129b21\" data-element_type=\"section\">\n\t\t\t\t\t\t<div class=\"elementor-container elementor-column-gap-default\">\n\t\t\t\t\t<div class=\"elementor-column elementor-col-100 elementor-top-column elementor-element elementor-element-e49b93d\" data-id=\"e49b93d\" data-element_type=\"column\">\n\t\t\t<div class=\"elementor-widget-wrap elementor-element-populated\">\n\t\t\t\t\t\t\t\t<div class=\"elementor-element elementor-element-ce0d483 elementor-widget elementor-widget-image\" data-id=\"ce0d483\" data-element_type=\"widget\" data-widget_type=\"image.default\">\n\t\t\t\t<div class=\"elementor-widget-container\">\n\t\t\t\t\t\t\t\t\t\t\t\t\t\t\t<img width=\"559\" height=\"119\" src=\"https:\/\/recursos.bcleverpro.com\/wp-content\/uploads\/2022\/11\/botones-locales.jpg\" class=\"attachment-large size-large\" alt=\"\" loading=\"lazy\" srcset=\"https:\/\/recursos.bcleverpro.com\/wp-content\/uploads\/2022\/11\/botones-locales.jpg 559w, https:\/\/recursos.bcleverpro.com\/wp-content\/uploads\/2022\/11\/botones-locales-300x64.jpg 300w\" sizes=\"(max-width: 559px) 100vw, 559px\" \/>\t\t\t\t\t\t\t\t\t\t\t\t\t\t\t<\/div>\n\t\t\t\t<\/div>\n\t\t\t\t\t<\/div>\n\t\t<\/div>\n\t\t\t\t\t\t\t<\/div>\n\t\t<\/section>\n\t\t\t\t<section class=\"elementor-section elementor-top-section elementor-element elementor-element-281d113 elementor-section-boxed elementor-section-height-default elementor-section-height-default wpr-particle-no wpr-jarallax-no wpr-parallax-no wpr-sticky-section-no\" data-id=\"281d113\" data-element_type=\"section\">\n\t\t\t\t\t\t<div class=\"elementor-container elementor-column-gap-default\">\n\t\t\t\t\t<div class=\"elementor-column elementor-col-100 elementor-top-column elementor-element elementor-element-37f11f8\" data-id=\"37f11f8\" data-element_type=\"column\">\n\t\t\t<div class=\"elementor-widget-wrap elementor-element-populated\">\n\t\t\t\t\t\t\t\t<div class=\"elementor-element elementor-element-c62ba49 elementor-widget elementor-widget-text-editor\" data-id=\"c62ba49\" data-element_type=\"widget\" data-widget_type=\"text-editor.default\">\n\t\t\t\t<div class=\"elementor-widget-container\">\n\t\t\t\t\t\t\t<p>Adem\u00e1s despliega un Men\u00fa de Opciones para agregar\/modificar el evento publicado:<\/p>\t\t\t\t\t\t<\/div>\n\t\t\t\t<\/div>\n\t\t\t\t\t<\/div>\n\t\t<\/div>\n\t\t\t\t\t\t\t<\/div>\n\t\t<\/section>\n\t\t\t\t<section class=\"elementor-section elementor-top-section elementor-element elementor-element-a76f36d elementor-section-boxed elementor-section-height-default elementor-section-height-default wpr-particle-no wpr-jarallax-no wpr-parallax-no wpr-sticky-section-no\" data-id=\"a76f36d\" data-element_type=\"section\">\n\t\t\t\t\t\t<div class=\"elementor-container elementor-column-gap-default\">\n\t\t\t\t\t<div class=\"elementor-column elementor-col-100 elementor-top-column elementor-element elementor-element-d997ea4\" data-id=\"d997ea4\" data-element_type=\"column\">\n\t\t\t<div class=\"elementor-widget-wrap elementor-element-populated\">\n\t\t\t\t\t\t\t\t<div class=\"elementor-element elementor-element-4ed14b5 elementor-widget elementor-widget-image\" data-id=\"4ed14b5\" data-element_type=\"widget\" data-widget_type=\"image.default\">\n\t\t\t\t<div class=\"elementor-widget-container\">\n\t\t\t\t\t\t\t\t\t\t\t\t\t\t\t<img width=\"337\" height=\"207\" src=\"https:\/\/recursos.bcleverpro.com\/wp-content\/uploads\/2022\/11\/Opciones-locales.jpg\" class=\"attachment-large size-large\" alt=\"\" loading=\"lazy\" srcset=\"https:\/\/recursos.bcleverpro.com\/wp-content\/uploads\/2022\/11\/Opciones-locales.jpg 337w, https:\/\/recursos.bcleverpro.com\/wp-content\/uploads\/2022\/11\/Opciones-locales-300x184.jpg 300w\" sizes=\"(max-width: 337px) 100vw, 337px\" \/>\t\t\t\t\t\t\t\t\t\t\t\t\t\t\t<\/div>\n\t\t\t\t<\/div>\n\t\t\t\t\t<\/div>\n\t\t<\/div>\n\t\t\t\t\t\t\t<\/div>\n\t\t<\/section>\n\t\t\t\t<section class=\"elementor-section elementor-top-section elementor-element elementor-element-4b96d9b elementor-section-boxed elementor-section-height-default elementor-section-height-default wpr-particle-no wpr-jarallax-no wpr-parallax-no wpr-sticky-section-no\" data-id=\"4b96d9b\" data-element_type=\"section\">\n\t\t\t\t\t\t<div class=\"elementor-container elementor-column-gap-default\">\n\t\t\t\t\t<div class=\"elementor-column elementor-col-100 elementor-top-column elementor-element elementor-element-0014621\" data-id=\"0014621\" data-element_type=\"column\">\n\t\t\t<div class=\"elementor-widget-wrap elementor-element-populated\">\n\t\t\t\t\t\t\t\t<div class=\"elementor-element elementor-element-bf1af49 elementor-widget elementor-widget-text-editor\" data-id=\"bf1af49\" data-element_type=\"widget\" data-widget_type=\"text-editor.default\">\n\t\t\t\t<div class=\"elementor-widget-container\">\n\t\t\t\t\t\t\t<p><strong>3.4.1 Promociones:<\/strong><\/p><p>En esta secci\u00f3n, te permite crear promociones que est\u00e9n ligadas el local en cuesti\u00f3n.<\/p><p>Habr\u00e1 que detallar los siguientes datos:<\/p><ul><li>T\u00edtulo de la promoci\u00f3n.<\/li><li>Descripci\u00f3n de la promoci\u00f3n.<\/li><li>Activo.<\/li><li>Promo bonus consumptions number. Seleccionar si es un promo bonus o no.<\/li><li>Elegir el tipo de bebida.<\/li><li>Detallar los d\u00edas que funicona la promoci\u00f3n.<\/li><li>Elegir una fecha en particular en que funciona la promoci\u00f3n.<\/li><li>Elegir la fecha en que inicia y la fecha en que termina la venta.<\/li><li>Elegir el stock de promociones disponibles a la venta.<\/li><li>N\u00famero de orden de aparici\u00f3n (en n\u00famero ordinario consecutivo, 1, 2, 3&#8230;).<\/li><li>A\u00f1adir la imagen tipo banner de la promoci\u00f3n (tama\u00f1o 780 x 420 p\u00edxeles y 72 pixeles de calidad).<\/li><li>\u00a0Por \u00faltimo, se agregan las reglas de la promoci\u00f3n y se guardan los cambios.<\/li><\/ul>\t\t\t\t\t\t<\/div>\n\t\t\t\t<\/div>\n\t\t\t\t\t<\/div>\n\t\t<\/div>\n\t\t\t\t\t\t\t<\/div>\n\t\t<\/section>\n\t\t\t\t<section class=\"elementor-section elementor-top-section elementor-element elementor-element-5dd16d9 elementor-section-boxed elementor-section-height-default elementor-section-height-default wpr-particle-no wpr-jarallax-no wpr-parallax-no wpr-sticky-section-no\" data-id=\"5dd16d9\" data-element_type=\"section\">\n\t\t\t\t\t\t<div class=\"elementor-container elementor-column-gap-default\">\n\t\t\t\t\t<div class=\"elementor-column elementor-col-100 elementor-top-column elementor-element elementor-element-1f28374\" data-id=\"1f28374\" data-element_type=\"column\">\n\t\t\t<div class=\"elementor-widget-wrap elementor-element-populated\">\n\t\t\t\t\t\t\t\t<div class=\"elementor-element elementor-element-ba50978 elementor-widget elementor-widget-image\" data-id=\"ba50978\" data-element_type=\"widget\" data-widget_type=\"image.default\">\n\t\t\t\t<div class=\"elementor-widget-container\">\n\t\t\t\t\t\t\t\t\t\t\t\t\t\t\t<img width=\"197\" height=\"300\" src=\"https:\/\/recursos.bcleverpro.com\/wp-content\/uploads\/2022\/11\/Promocion-197x300.jpg\" class=\"attachment-medium size-medium\" alt=\"\" loading=\"lazy\" srcset=\"https:\/\/recursos.bcleverpro.com\/wp-content\/uploads\/2022\/11\/Promocion-197x300.jpg 197w, https:\/\/recursos.bcleverpro.com\/wp-content\/uploads\/2022\/11\/Promocion-503x765.jpg 503w, https:\/\/recursos.bcleverpro.com\/wp-content\/uploads\/2022\/11\/Promocion.jpg 540w\" sizes=\"(max-width: 197px) 100vw, 197px\" \/>\t\t\t\t\t\t\t\t\t\t\t\t\t\t\t<\/div>\n\t\t\t\t<\/div>\n\t\t\t\t\t<\/div>\n\t\t<\/div>\n\t\t\t\t\t\t\t<\/div>\n\t\t<\/section>\n\t\t\t\t<section class=\"elementor-section elementor-top-section elementor-element elementor-element-7071d14 elementor-section-boxed elementor-section-height-default elementor-section-height-default wpr-particle-no wpr-jarallax-no wpr-parallax-no wpr-sticky-section-no\" data-id=\"7071d14\" data-element_type=\"section\">\n\t\t\t\t\t\t<div class=\"elementor-container elementor-column-gap-default\">\n\t\t\t\t\t<div class=\"elementor-column elementor-col-50 elementor-top-column elementor-element elementor-element-05ec298\" data-id=\"05ec298\" data-element_type=\"column\">\n\t\t\t<div class=\"elementor-widget-wrap elementor-element-populated\">\n\t\t\t\t\t\t\t\t<div class=\"elementor-element elementor-element-0a6c2b3 elementor-widget elementor-widget-text-editor\" data-id=\"0a6c2b3\" data-element_type=\"widget\" data-widget_type=\"text-editor.default\">\n\t\t\t\t<div class=\"elementor-widget-container\">\n\t\t\t\t\t\t\t<p><strong>3.4.2 Empleados<\/strong><\/p><p>Permite agregar los usuarios asociados a cada local. Su funcionalidad es poder habilitar los usuarios sobre todo para el cobro en eventos.<\/p><p>Hay que determinar:<\/p><ul><li>Email.<\/li><li>Usuario.<\/li><li>Nombre y Apellido.<\/li><li>Contrase\u00f1a.<\/li><li>Seleccionar los Roles de opciones y accesos de cada usuario.<\/li><\/ul>\t\t\t\t\t\t<\/div>\n\t\t\t\t<\/div>\n\t\t\t\t\t<\/div>\n\t\t<\/div>\n\t\t\t\t<div class=\"elementor-column elementor-col-50 elementor-top-column elementor-element elementor-element-6127ad6\" data-id=\"6127ad6\" data-element_type=\"column\">\n\t\t\t<div class=\"elementor-widget-wrap elementor-element-populated\">\n\t\t\t\t\t\t\t\t<div class=\"elementor-element elementor-element-12f6570 elementor-widget elementor-widget-image\" data-id=\"12f6570\" data-element_type=\"widget\" data-widget_type=\"image.default\">\n\t\t\t\t<div class=\"elementor-widget-container\">\n\t\t\t\t\t\t\t\t\t\t\t\t\t\t\t<img width=\"555\" height=\"858\" src=\"https:\/\/recursos.bcleverpro.com\/wp-content\/uploads\/2022\/11\/Empleados-local.jpg\" class=\"attachment-large size-large\" alt=\"\" loading=\"lazy\" srcset=\"https:\/\/recursos.bcleverpro.com\/wp-content\/uploads\/2022\/11\/Empleados-local.jpg 555w, https:\/\/recursos.bcleverpro.com\/wp-content\/uploads\/2022\/11\/Empleados-local-194x300.jpg 194w, https:\/\/recursos.bcleverpro.com\/wp-content\/uploads\/2022\/11\/Empleados-local-495x765.jpg 495w\" sizes=\"(max-width: 555px) 100vw, 555px\" \/>\t\t\t\t\t\t\t\t\t\t\t\t\t\t\t<\/div>\n\t\t\t\t<\/div>\n\t\t\t\t\t<\/div>\n\t\t<\/div>\n\t\t\t\t\t\t\t<\/div>\n\t\t<\/section>\n\t\t\t\t<section class=\"elementor-section elementor-top-section elementor-element elementor-element-b72ecb5 elementor-section-boxed elementor-section-height-default elementor-section-height-default wpr-particle-no wpr-jarallax-no wpr-parallax-no wpr-sticky-section-no\" data-id=\"b72ecb5\" data-element_type=\"section\">\n\t\t\t\t\t\t<div class=\"elementor-container elementor-column-gap-default\">\n\t\t\t\t\t<div class=\"elementor-column elementor-col-50 elementor-top-column elementor-element elementor-element-2f50d0f\" data-id=\"2f50d0f\" data-element_type=\"column\">\n\t\t\t<div class=\"elementor-widget-wrap elementor-element-populated\">\n\t\t\t\t\t\t\t\t<div class=\"elementor-element elementor-element-659363b elementor-widget elementor-widget-text-editor\" data-id=\"659363b\" data-element_type=\"widget\" data-widget_type=\"text-editor.default\">\n\t\t\t\t<div class=\"elementor-widget-container\">\n\t\t\t\t\t\t\t<p><strong>3.4.1 TPV<\/strong><\/p><p>Permite agregar categor\u00edas de cobro del local.<\/p>\t\t\t\t\t\t<\/div>\n\t\t\t\t<\/div>\n\t\t\t\t\t<\/div>\n\t\t<\/div>\n\t\t\t\t<div class=\"elementor-column elementor-col-50 elementor-top-column elementor-element elementor-element-07023aa\" data-id=\"07023aa\" data-element_type=\"column\">\n\t\t\t<div class=\"elementor-widget-wrap elementor-element-populated\">\n\t\t\t\t\t\t\t\t<div class=\"elementor-element elementor-element-be1cce2 elementor-widget elementor-widget-image\" data-id=\"be1cce2\" data-element_type=\"widget\" data-widget_type=\"image.default\">\n\t\t\t\t<div class=\"elementor-widget-container\">\n\t\t\t\t\t\t\t\t\t\t\t\t\t\t\t<img width=\"1024\" height=\"456\" src=\"https:\/\/recursos.bcleverpro.com\/wp-content\/uploads\/2022\/11\/TPV.jpg\" class=\"attachment-large size-large\" alt=\"\" loading=\"lazy\" srcset=\"https:\/\/recursos.bcleverpro.com\/wp-content\/uploads\/2022\/11\/TPV.jpg 1025w, https:\/\/recursos.bcleverpro.com\/wp-content\/uploads\/2022\/11\/TPV-300x133.jpg 300w, https:\/\/recursos.bcleverpro.com\/wp-content\/uploads\/2022\/11\/TPV-768x342.jpg 768w\" sizes=\"(max-width: 1024px) 100vw, 1024px\" \/>\t\t\t\t\t\t\t\t\t\t\t\t\t\t\t<\/div>\n\t\t\t\t<\/div>\n\t\t\t\t\t<\/div>\n\t\t<\/div>\n\t\t\t\t\t\t\t<\/div>\n\t\t<\/section>\n\t\t\t\t<section class=\"elementor-section elementor-top-section elementor-element elementor-element-e2b8197 elementor-section-boxed elementor-section-height-default elementor-section-height-default wpr-particle-no wpr-jarallax-no wpr-parallax-no wpr-sticky-section-no\" data-id=\"e2b8197\" data-element_type=\"section\">\n\t\t\t\t\t\t<div class=\"elementor-container elementor-column-gap-default\">\n\t\t\t\t\t<div class=\"elementor-column elementor-col-100 elementor-top-column elementor-element elementor-element-a945970\" data-id=\"a945970\" data-element_type=\"column\">\n\t\t\t<div class=\"elementor-widget-wrap elementor-element-populated\">\n\t\t\t\t\t\t\t\t<div class=\"elementor-element elementor-element-4380993 elementor-widget elementor-widget-button\" data-id=\"4380993\" data-element_type=\"widget\" data-widget_type=\"button.default\">\n\t\t\t\t<div class=\"elementor-widget-container\">\n\t\t\t\t\t<div class=\"elementor-button-wrapper\">\n\t\t\t<a href=\"https:\/\/recursos.bcleverpro.com\/?page_id=748\" class=\"elementor-button-link elementor-button elementor-size-sm\" role=\"button\">\n\t\t\t\t\t\t<span class=\"elementor-button-content-wrapper\">\n\t\t\t\t\t\t<span class=\"elementor-button-text\">Volver al Men\u00fa Backend<\/span>\n\t\t<\/span>\n\t\t\t\t\t<\/a>\n\t\t<\/div>\n\t\t\t\t<\/div>\n\t\t\t\t<\/div>\n\t\t\t\t\t<\/div>\n\t\t<\/div>\n\t\t\t\t\t\t\t<\/div>\n\t\t<\/section>\n\t\t\t\t\t\t\t<\/div>\n\t\t","protected":false},"excerpt":{"rendered":"<p>Se refiere al n\u00famero de localizador\/folio asignado al evento.\u00a0Al dar click, nos permite ver todos los detalles del local (previamente [&hellip;]<\/p>\n","protected":false},"author":2,"featured_media":0,"parent":0,"menu_order":0,"comment_status":"closed","ping_status":"closed","template":"","meta":[],"_links":{"self":[{"href":"https:\/\/recursos.bcleverpro.com\/index.php?rest_route=\/wp\/v2\/pages\/1137"}],"collection":[{"href":"https:\/\/recursos.bcleverpro.com\/index.php?rest_route=\/wp\/v2\/pages"}],"about":[{"href":"https:\/\/recursos.bcleverpro.com\/index.php?rest_route=\/wp\/v2\/types\/page"}],"author":[{"embeddable":true,"href":"https:\/\/recursos.bcleverpro.com\/index.php?rest_route=\/wp\/v2\/users\/2"}],"replies":[{"embeddable":true,"href":"https:\/\/recursos.bcleverpro.com\/index.php?rest_route=%2Fwp%2Fv2%2Fcomments&post=1137"}],"version-history":[{"count":28,"href":"https:\/\/recursos.bcleverpro.com\/index.php?rest_route=\/wp\/v2\/pages\/1137\/revisions"}],"predecessor-version":[{"id":1185,"href":"https:\/\/recursos.bcleverpro.com\/index.php?rest_route=\/wp\/v2\/pages\/1137\/revisions\/1185"}],"wp:attachment":[{"href":"https:\/\/recursos.bcleverpro.com\/index.php?rest_route=%2Fwp%2Fv2%2Fmedia&parent=1137"}],"curies":[{"name":"wp","href":"https:\/\/api.w.org\/{rel}","templated":true}]}}