{"id":641,"date":"2022-08-01T11:30:42","date_gmt":"2022-08-01T11:30:42","guid":{"rendered":"https:\/\/recursos.bcleverpro.com\/?page_id=641"},"modified":"2022-08-01T11:56:16","modified_gmt":"2022-08-01T11:56:16","slug":"bcleverpro-tpv","status":"publish","type":"page","link":"https:\/\/recursos.bcleverpro.com\/?page_id=641","title":{"rendered":"BcleverPro &#8211; TPV"},"content":{"rendered":"\n<p>En esta secci\u00f3n se recogen todos los manuales para la gesti\u00f3n de la aplicaci\u00f3n BcleverPro as\u00ed como su parte correspondiente de BackOffice la cual replica y complementa partes de la aplicaci\u00f3n. A continuaci\u00f3n se presentan los distintos enlaces con manuales concretos por funcionalidad\/seci\u00f3n.<\/p>\n\n\n\n<p><a href=\"https:\/\/recursos.bcleverpro.com\/?p=646\" data-type=\"post\" data-id=\"646\">BcleverPro \u2013 Conceptos B\u00e1sicos<\/a><\/p>\n\n\n\n<p><a href=\"https:\/\/recursos.bcleverpro.com\/?p=653\" data-type=\"post\" data-id=\"653\">BcleverPro \u2013 Usuarios y Roles<\/a><\/p>\n\n\n\n<p><a href=\"https:\/\/recursos.bcleverpro.com\/?p=656\" data-type=\"post\" data-id=\"656\">BcleverPro \u2013 Ajustes<\/a><\/p>\n","protected":false},"excerpt":{"rendered":"<p>En esta secci\u00f3n se recogen todos los manuales para la gesti\u00f3n de la aplicaci\u00f3n BcleverPro as\u00ed como su parte correspondiente [&hellip;]<\/p>\n","protected":false},"author":1,"featured_media":0,"parent":0,"menu_order":0,"comment_status":"closed","ping_status":"closed","template":"","meta":[],"_links":{"self":[{"href":"https:\/\/recursos.bcleverpro.com\/index.php?rest_route=\/wp\/v2\/pages\/641"}],"collection":[{"href":"https:\/\/recursos.bcleverpro.com\/index.php?rest_route=\/wp\/v2\/pages"}],"about":[{"href":"https:\/\/recursos.bcleverpro.com\/index.php?rest_route=\/wp\/v2\/types\/page"}],"author":[{"embeddable":true,"href":"https:\/\/recursos.bcleverpro.com\/index.php?rest_route=\/wp\/v2\/users\/1"}],"replies":[{"embeddable":true,"href":"https:\/\/recursos.bcleverpro.com\/index.php?rest_route=%2Fwp%2Fv2%2Fcomments&post=641"}],"version-history":[{"count":6,"href":"https:\/\/recursos.bcleverpro.com\/index.php?rest_route=\/wp\/v2\/pages\/641\/revisions"}],"predecessor-version":[{"id":716,"href":"https:\/\/recursos.bcleverpro.com\/index.php?rest_route=\/wp\/v2\/pages\/641\/revisions\/716"}],"wp:attachment":[{"href":"https:\/\/recursos.bcleverpro.com\/index.php?rest_route=%2Fwp%2Fv2%2Fmedia&parent=641"}],"curies":[{"name":"wp","href":"https:\/\/api.w.org\/{rel}","templated":true}]}}